{"id":110,"date":"2013-10-06T08:29:49","date_gmt":"2013-10-06T08:29:49","guid":{"rendered":"http:\/\/www.guttared.com\/?page_id=110"},"modified":"2022-04-11T07:22:37","modified_gmt":"2022-04-11T07:22:37","slug":"jagarskola","status":"publish","type":"page","link":"https:\/\/www.guttared.com\/?page_id=110","title":{"rendered":"J\u00e4garskola"},"content":{"rendered":"<h2>\u00c5rets j\u00e4garskola b\u00f6rjar mitten av Oktober.<\/h2>\n<p><a href=\"http:\/\/www.studieframjandet.se\/Kurs\/varberg\/J%C3%A4garskola-i-Varberg\/219733\/?csq=j%C3%A4garskolan&amp;GAcode=UA-6577289-1\" target=\"_blank\" rel=\"noopener\">\u00a0<\/a><\/p>\n<p>Niklas Ljungberg<br \/>\nGuttared 8<br \/>\n432 77 Tv\u00e5\u00e5ker<br \/>\nniklas@guttared.com<br \/>\nwww.guttared.com<br \/>\nTfn 0702-310780<\/p>\n","protected":false},"excerpt":{"rendered":"<p>\u00c5rets j\u00e4garskola b\u00f6rjar mitten av Oktober. \u00a0 Niklas Ljungberg Guttared 8 432 77 Tv\u00e5\u00e5ker niklas@guttared.com www.guttared.com Tfn 0702-310780<\/p>\n","protected":false},"author":1,"featured_media":0,"parent":0,"menu_order":0,"comment_status":"closed","ping_status":"closed","template":"","meta":[],"_links":{"self":[{"href":"https:\/\/www.guttared.com\/index.php?rest_route=\/wp\/v2\/pages\/110"}],"collection":[{"href":"https:\/\/www.guttared.com\/index.php?rest_route=\/wp\/v2\/pages"}],"about":[{"href":"https:\/\/www.guttared.com\/index.php?rest_route=\/wp\/v2\/types\/page"}],"author":[{"embeddable":true,"href":"https:\/\/www.guttared.com\/index.php?rest_route=\/wp\/v2\/users\/1"}],"replies":[{"embeddable":true,"href":"https:\/\/www.guttared.com\/index.php?rest_route=%2Fwp%2Fv2%2Fcomments&post=110"}],"version-history":[{"count":12,"href":"https:\/\/www.guttared.com\/index.php?rest_route=\/wp\/v2\/pages\/110\/revisions"}],"predecessor-version":[{"id":500,"href":"https:\/\/www.guttared.com\/index.php?rest_route=\/wp\/v2\/pages\/110\/revisions\/500"}],"wp:attachment":[{"href":"https:\/\/www.guttared.com\/index.php?rest_route=%2Fwp%2Fv2%2Fmedia&parent=110"}],"curies":[{"name":"wp","href":"https:\/\/api.w.org\/{rel}","templated":true}]}}