{"id":382,"date":"2017-08-24T09:55:50","date_gmt":"2017-08-24T09:55:50","guid":{"rendered":"http:\/\/www.guttared.com\/?page_id=382"},"modified":"2023-02-23T20:44:52","modified_gmt":"2023-02-23T20:44:52","slug":"bjorkved","status":"publish","type":"page","link":"https:\/\/www.guttared.com\/?page_id=382","title":{"rendered":"Bj\u00f6rkved"},"content":{"rendered":"<p><img decoding=\"async\" loading=\"lazy\" class=\"attachment-post-thumbnail\" src=\"https:\/\/www.guttared.com\/wp-content\/uploads\/2013\/06\/IMG_20170824_171257-140x98.jpg\" alt=\"IMG_20170824_171257\" width=\"154\" height=\"108\" \/><img decoding=\"async\" loading=\"lazy\" class=\"attachment-post-thumbnail\" src=\"https:\/\/www.guttared.com\/wp-content\/uploads\/2013\/06\/IMG_20170824_171311-140x98.jpg\" alt=\"IMG_20170824_171311\" width=\"155\" height=\"108\" \/><\/p>\n<p>Kluven bj\u00f6rkved i 30cm l\u00e4ngder.<br \/>\nVeden ligger i stors\u00e4ck 1 m3 (stj\u00e4lpt m\u00e5tt) i varje.<\/p>\n<p>Niklas Ljungberg<br \/>\nGuttared 8<br \/>\n432 77 Tv\u00e5\u00e5ker<br \/>\nniklas@guttared.com<br \/>\nwww.guttared.com<br \/>\nTfn 0702-310780<\/p>\n","protected":false},"excerpt":{"rendered":"<p>Kluven bj\u00f6rkved i 30cm l\u00e4ngder. Veden ligger i stors\u00e4ck 1 m3 (stj\u00e4lpt m\u00e5tt) i varje. Niklas Ljungberg Guttared 8 432 77 Tv\u00e5\u00e5ker niklas@guttared.com www.guttared.com Tfn 0702-310780<\/p>\n","protected":false},"author":2,"featured_media":0,"parent":0,"menu_order":0,"comment_status":"closed","ping_status":"closed","template":"","meta":[],"_links":{"self":[{"href":"https:\/\/www.guttared.com\/index.php?rest_route=\/wp\/v2\/pages\/382"}],"collection":[{"href":"https:\/\/www.guttared.com\/index.php?rest_route=\/wp\/v2\/pages"}],"about":[{"href":"https:\/\/www.guttared.com\/index.php?rest_route=\/wp\/v2\/types\/page"}],"author":[{"embeddable":true,"href":"https:\/\/www.guttared.com\/index.php?rest_route=\/wp\/v2\/users\/2"}],"replies":[{"embeddable":true,"href":"https:\/\/www.guttared.com\/index.php?rest_route=%2Fwp%2Fv2%2Fcomments&post=382"}],"version-history":[{"count":21,"href":"https:\/\/www.guttared.com\/index.php?rest_route=\/wp\/v2\/pages\/382\/revisions"}],"predecessor-version":[{"id":514,"href":"https:\/\/www.guttared.com\/index.php?rest_route=\/wp\/v2\/pages\/382\/revisions\/514"}],"wp:attachment":[{"href":"https:\/\/www.guttared.com\/index.php?rest_route=%2Fwp%2Fv2%2Fmedia&parent=382"}],"curies":[{"name":"wp","href":"https:\/\/api.w.org\/{rel}","templated":true}]}}