{"id":43,"date":"2013-09-18T10:11:55","date_gmt":"2013-09-18T10:11:55","guid":{"rendered":"http:\/\/www.guttared.com\/?page_id=43"},"modified":"2023-07-16T10:04:22","modified_gmt":"2023-07-16T10:04:22","slug":"jakttorn","status":"publish","type":"page","link":"https:\/\/www.guttared.com\/?page_id=43","title":{"rendered":"Jakttorn"},"content":{"rendered":"<h1><strong>Jakttorn<\/strong><\/h1>\n<p><a href=\"https:\/\/www.guttared.com\/wp-content\/uploads\/2013\/09\/IMG_5119.jpg\"><img decoding=\"async\" loading=\"lazy\" class=\"alignright  wp-image-39\" src=\"https:\/\/www.guttared.com\/wp-content\/uploads\/2013\/09\/IMG_5119-682x1024.jpg\" alt=\"IMG_5119\" width=\"500\" height=\"900\" \/><\/a><\/p>\n<p>\u2022 Tillverkad av tryckimpregnerad norrlandsfura<br \/>\n\u2022 Sitth\u00f6jd \u00f6ver mark 250 cm<\/p>\n<p>\u2022F\u00e4rdigmonterade torn (finns p\u00e5 lager)<\/p>\n<p><em><strong>Pris 3200 kr inkl. moms<\/strong><\/em><\/p>\n<p>Niklas Ljungberg<br \/>\nGuttared 8<br \/>\n432 77 Tv\u00e5\u00e5ker<br \/>\nniklas@guttared.com<br \/>\nwww.guttared.com<br \/>\nTfn 0702-310780<\/p>\n","protected":false},"excerpt":{"rendered":"<p>Jakttorn \u2022 Tillverkad av tryckimpregnerad norrlandsfura \u2022 Sitth\u00f6jd \u00f6ver mark 250 cm \u2022F\u00e4rdigmonterade torn (finns p\u00e5 lager) Pris 3200 kr inkl. moms Niklas Ljungberg Guttared 8 432 77 Tv\u00e5\u00e5ker niklas@guttared.com www.guttared.com Tfn 0702-310780<\/p>\n","protected":false},"author":1,"featured_media":0,"parent":0,"menu_order":0,"comment_status":"closed","ping_status":"closed","template":"","meta":[],"_links":{"self":[{"href":"https:\/\/www.guttared.com\/index.php?rest_route=\/wp\/v2\/pages\/43"}],"collection":[{"href":"https:\/\/www.guttared.com\/index.php?rest_route=\/wp\/v2\/pages"}],"about":[{"href":"https:\/\/www.guttared.com\/index.php?rest_route=\/wp\/v2\/types\/page"}],"author":[{"embeddable":true,"href":"https:\/\/www.guttared.com\/index.php?rest_route=\/wp\/v2\/users\/1"}],"replies":[{"embeddable":true,"href":"https:\/\/www.guttared.com\/index.php?rest_route=%2Fwp%2Fv2%2Fcomments&post=43"}],"version-history":[{"count":14,"href":"https:\/\/www.guttared.com\/index.php?rest_route=\/wp\/v2\/pages\/43\/revisions"}],"predecessor-version":[{"id":516,"href":"https:\/\/www.guttared.com\/index.php?rest_route=\/wp\/v2\/pages\/43\/revisions\/516"}],"wp:attachment":[{"href":"https:\/\/www.guttared.com\/index.php?rest_route=%2Fwp%2Fv2%2Fmedia&parent=43"}],"curies":[{"name":"wp","href":"https:\/\/api.w.org\/{rel}","templated":true}]}}